{"id":1980,"date":"2024-01-14T09:54:32","date_gmt":"2024-01-14T09:54:32","guid":{"rendered":"http:\/\/birlesmisfikirler.com\/2024\/?page_id=1980"},"modified":"2024-02-08T11:22:24","modified_gmt":"2024-02-08T11:22:24","slug":"konstelasyon-uzmanlik-egitimi","status":"publish","type":"page","link":"http:\/\/birlesmisfikirler.com\/2024\/konstelasyon-uzmanlik-egitimi\/","title":{"rendered":"Konstelasyon Uzmanl\u0131k E\u011fitimi"},"content":{"rendered":"\t\t<div data-elementor-type=\"wp-page\" data-elementor-id=\"1980\" class=\"elementor elementor-1980\">\n\t\t\t\t\t\t<section class=\"elementor-section elementor-top-section elementor-element elementor-element-9d29206 elementor-section-boxed elementor-section-height-default elementor-section-height-default\" data-id=\"9d29206\" data-element_type=\"section\" data-settings=\"{&quot;background_background&quot;:&quot;classic&quot;}\">\n\t\t\t\t\t\t\t<div class=\"elementor-background-overlay\"><\/div>\n\t\t\t\t\t\t\t<div class=\"elementor-container elementor-column-gap-default\">\n\t\t\t\t\t<div class=\"elementor-column elementor-col-100 elementor-top-column elementor-element elementor-element-f0d58d2\" data-id=\"f0d58d2\" data-element_type=\"column\">\n\t\t\t<div class=\"elementor-widget-wrap elementor-element-populated\">\n\t\t\t\t\t\t<div class=\"elementor-element elementor-element-e5666fc animated-slow elementor-invisible elementor-widget elementor-widget-heading\" data-id=\"e5666fc\" data-element_type=\"widget\" data-settings=\"{&quot;_animation&quot;:&quot;fadeInUp&quot;,&quot;_animation_delay&quot;:1000}\" data-widget_type=\"heading.default\">\n\t\t\t\t<div class=\"elementor-widget-container\">\n\t\t\t<style>\/*! elementor - v3.23.0 - 05-08-2024 *\/\n.elementor-heading-title{padding:0;margin:0;line-height:1}.elementor-widget-heading .elementor-heading-title[class*=elementor-size-]>a{color:inherit;font-size:inherit;line-height:inherit}.elementor-widget-heading .elementor-heading-title.elementor-size-small{font-size:15px}.elementor-widget-heading .elementor-heading-title.elementor-size-medium{font-size:19px}.elementor-widget-heading .elementor-heading-title.elementor-size-large{font-size:29px}.elementor-widget-heading .elementor-heading-title.elementor-size-xl{font-size:39px}.elementor-widget-heading .elementor-heading-title.elementor-size-xxl{font-size:59px}<\/style><h2 class=\"elementor-heading-title elementor-size-default\">KONSTELASYON<br>UZMANLIK E\u011e\u0130T\u0130M\u0130<\/h2>\t\t<\/div>\n\t\t\t\t<\/div>\n\t\t\t\t<div class=\"elementor-element elementor-element-1921800 animated-slow elementor-invisible elementor-widget elementor-widget-heading\" data-id=\"1921800\" data-element_type=\"widget\" data-settings=\"{&quot;_animation&quot;:&quot;fadeInUp&quot;,&quot;_animation_delay&quot;:1500}\" data-widget_type=\"heading.default\">\n\t\t\t\t<div class=\"elementor-widget-container\">\n\t\t\t<h3 class=\"elementor-heading-title elementor-size-default\">B\u0130L\u0130N\u00c7 DI\u015eININ ANLATTIKLARINI<br>D\u0130NLEME VE G\u00d6ZLEMLEME SANATI<\/h3>\t\t<\/div>\n\t\t\t\t<\/div>\n\t\t\t\t<div class=\"elementor-element elementor-element-5c3cf40 elementor-invisible elementor-widget elementor-widget-image\" data-id=\"5c3cf40\" data-element_type=\"widget\" data-settings=\"{&quot;_animation&quot;:&quot;fadeIn&quot;,&quot;_animation_delay&quot;:1750}\" data-widget_type=\"image.default\">\n\t\t\t\t<div class=\"elementor-widget-container\">\n\t\t\t<style>\/*! elementor - v3.23.0 - 05-08-2024 *\/\n.elementor-widget-image{text-align:center}.elementor-widget-image a{display:inline-block}.elementor-widget-image a img[src$=\".svg\"]{width:48px}.elementor-widget-image img{vertical-align:middle;display:inline-block}<\/style>\t\t\t\t\t\t\t\t\t\t<img fetchpriority=\"high\" decoding=\"async\" width=\"1000\" height=\"667\" src=\"http:\/\/birlesmisfikirler.com\/2024\/wp-content\/uploads\/2024\/01\/www.seylasonsino.com_post-uzmanlik-egitimi.jpg\" class=\"attachment-full size-full wp-image-1983\" alt=\"\" srcset=\"http:\/\/birlesmisfikirler.com\/2024\/wp-content\/uploads\/2024\/01\/www.seylasonsino.com_post-uzmanlik-egitimi.jpg 1000w, http:\/\/birlesmisfikirler.com\/2024\/wp-content\/uploads\/2024\/01\/www.seylasonsino.com_post-uzmanlik-egitimi-300x200.jpg 300w, http:\/\/birlesmisfikirler.com\/2024\/wp-content\/uploads\/2024\/01\/www.seylasonsino.com_post-uzmanlik-egitimi-768x512.jpg 768w, http:\/\/birlesmisfikirler.com\/2024\/wp-content\/uploads\/2024\/01\/www.seylasonsino.com_post-uzmanlik-egitimi-600x400.jpg 600w\" sizes=\"(max-width: 1000px) 100vw, 1000px\" \/>\t\t\t\t\t\t\t\t\t\t\t\t\t<\/div>\n\t\t\t\t<\/div>\n\t\t\t\t<section class=\"elementor-section elementor-inner-section elementor-element elementor-element-43c950f elementor-section-boxed elementor-section-height-default elementor-section-height-default\" data-id=\"43c950f\" data-element_type=\"section\">\n\t\t\t\t\t\t<div class=\"elementor-container elementor-column-gap-default\">\n\t\t\t\t\t<div class=\"elementor-column elementor-col-50 elementor-inner-column elementor-element elementor-element-c8f515a elementor-invisible\" data-id=\"c8f515a\" data-element_type=\"column\" data-settings=\"{&quot;background_background&quot;:&quot;classic&quot;,&quot;animation&quot;:&quot;fadeIn&quot;,&quot;animation_delay&quot;:1000}\">\n\t\t\t<div class=\"elementor-widget-wrap elementor-element-populated\">\n\t\t\t\t\t\t<div class=\"elementor-element elementor-element-c1f9530 animated-slow elementor-invisible elementor-widget elementor-widget-text-editor\" data-id=\"c1f9530\" data-element_type=\"widget\" data-settings=\"{&quot;_animation&quot;:&quot;fadeIn&quot;,&quot;_animation_delay&quot;:1500}\" data-widget_type=\"text-editor.default\">\n\t\t\t\t<div class=\"elementor-widget-container\">\n\t\t\t<style>\/*! elementor - v3.23.0 - 05-08-2024 *\/\n.elementor-widget-text-editor.elementor-drop-cap-view-stacked .elementor-drop-cap{background-color:#69727d;color:#fff}.elementor-widget-text-editor.elementor-drop-cap-view-framed .elementor-drop-cap{color:#69727d;border:3px solid;background-color:transparent}.elementor-widget-text-editor:not(.elementor-drop-cap-view-default) .elementor-drop-cap{margin-top:8px}.elementor-widget-text-editor:not(.elementor-drop-cap-view-default) .elementor-drop-cap-letter{width:1em;height:1em}.elementor-widget-text-editor .elementor-drop-cap{float:left;text-align:center;line-height:1;font-size:50px}.elementor-widget-text-editor .elementor-drop-cap-letter{display:inline-block}<\/style>\t\t\t\t<p>\u0130nsan ile \u00e7al\u0131\u015fma yolculu\u011funda uzman olmak, konunun her detay\u0131n\u0131 bilmek de\u011fildir.<\/p><p>Bilin\u00e7 d\u0131\u015f\u0131n\u0131n g\u00f6r\u00fcnmez ve sakl\u0131 olan g\u00fc\u00e7leri g\u00f6r\u00fcn\u00fcr olmaya ba\u015flad\u0131\u011f\u0131nda g\u00f6r\u00fcneni (hem kendinizde hem de dan\u0131\u015fan\u0131n\u0131zda) kapsayabilmektir.<\/p>\t\t\t\t\t\t<\/div>\n\t\t\t\t<\/div>\n\t\t\t\t\t<\/div>\n\t\t<\/div>\n\t\t\t\t<div class=\"elementor-column elementor-col-50 elementor-inner-column elementor-element elementor-element-19cf679\" data-id=\"19cf679\" data-element_type=\"column\">\n\t\t\t<div class=\"elementor-widget-wrap elementor-element-populated\">\n\t\t\t\t\t\t<div class=\"elementor-element elementor-element-3037a56 animated-slow elementor-invisible elementor-widget elementor-widget-text-editor\" data-id=\"3037a56\" data-element_type=\"widget\" data-settings=\"{&quot;_animation&quot;:&quot;fadeIn&quot;,&quot;_animation_delay&quot;:2000}\" data-widget_type=\"text-editor.default\">\n\t\t\t\t<div class=\"elementor-widget-container\">\n\t\t\t\t\t\t\t<p>Derinlerle \u00e7al\u0131\u015faca\u011f\u0131m\u0131z bu e\u011fitimde sistemik konstelasyon tekni\u011finin yan\u0131 s\u0131ra farkl\u0131 teknik ve teorilerden de faydalanaca\u011f\u0131z. Somatik travma terapi, meditasyon, g\u00f6zlemleme ve dinleme sanat\u0131, sanat terapi, polyvegal teori bunlardan birka\u00e7\u0131.<\/p><p>Her mod\u00fclde yapaca\u011f\u0131m\u0131z \u00e7al\u0131\u015fmalara ek olarak ki\u015filik kuramlar\u0131 ve ki\u015filik e\u011filimleri ve\/veya bozukluklar\u0131ndan da bahsediyor olaca\u011f\u0131z.<\/p>\t\t\t\t\t\t<\/div>\n\t\t\t\t<\/div>\n\t\t\t\t\t<\/div>\n\t\t<\/div>\n\t\t\t\t\t<\/div>\n\t\t<\/section>\n\t\t\t\t\t<\/div>\n\t\t<\/div>\n\t\t\t\t\t<\/div>\n\t\t<\/section>\n\t\t\t\t<section class=\"elementor-section elementor-top-section elementor-element elementor-element-38d0ddb elementor-section-content-middle elementor-section-boxed elementor-section-height-default elementor-section-height-default\" data-id=\"38d0ddb\" data-element_type=\"section\" data-settings=\"{&quot;background_background&quot;:&quot;classic&quot;}\">\n\t\t\t\t\t\t\t<div class=\"elementor-background-overlay\"><\/div>\n\t\t\t\t\t\t\t<div class=\"elementor-container elementor-column-gap-wide\">\n\t\t\t\t\t<div class=\"elementor-column elementor-col-100 elementor-top-column elementor-element elementor-element-3a98342\" data-id=\"3a98342\" data-element_type=\"column\">\n\t\t\t<div class=\"elementor-widget-wrap elementor-element-populated\">\n\t\t\t\t\t\t<div class=\"elementor-element elementor-element-e24177c elementor-widget__width-inherit elementor-invisible elementor-widget elementor-widget-image\" data-id=\"e24177c\" data-element_type=\"widget\" data-settings=\"{&quot;_animation&quot;:&quot;fadeIn&quot;}\" data-widget_type=\"image.default\">\n\t\t\t\t<div class=\"elementor-widget-container\">\n\t\t\t\t\t\t\t\t\t\t\t\t\t<img decoding=\"async\" width=\"1000\" height=\"751\" src=\"http:\/\/birlesmisfikirler.com\/2024\/wp-content\/uploads\/2024\/01\/www.seylasonsino.com_post-uzmanlik-egitimi-iletisim-gorsel.jpg\" class=\"attachment-full size-full wp-image-1996\" alt=\"\" srcset=\"http:\/\/birlesmisfikirler.com\/2024\/wp-content\/uploads\/2024\/01\/www.seylasonsino.com_post-uzmanlik-egitimi-iletisim-gorsel.jpg 1000w, http:\/\/birlesmisfikirler.com\/2024\/wp-content\/uploads\/2024\/01\/www.seylasonsino.com_post-uzmanlik-egitimi-iletisim-gorsel-300x225.jpg 300w, http:\/\/birlesmisfikirler.com\/2024\/wp-content\/uploads\/2024\/01\/www.seylasonsino.com_post-uzmanlik-egitimi-iletisim-gorsel-768x577.jpg 768w, http:\/\/birlesmisfikirler.com\/2024\/wp-content\/uploads\/2024\/01\/www.seylasonsino.com_post-uzmanlik-egitimi-iletisim-gorsel-600x451.jpg 600w\" sizes=\"(max-width: 1000px) 100vw, 1000px\" \/>\t\t\t\t\t\t\t\t\t\t\t\t\t<\/div>\n\t\t\t\t<\/div>\n\t\t\t\t\t<\/div>\n\t\t<\/div>\n\t\t\t\t<div class=\"elementor-column elementor-col-100 elementor-top-column elementor-element elementor-element-c6ce6c3\" data-id=\"c6ce6c3\" data-element_type=\"column\">\n\t\t\t<div class=\"elementor-widget-wrap elementor-element-populated\">\n\t\t\t\t<div class=\"elementor-element elementor-element-1c597a7 e-flex e-con-boxed elementor-invisible e-con e-parent\" data-id=\"1c597a7\" data-element_type=\"container\" data-settings=\"{&quot;background_background&quot;:&quot;classic&quot;,&quot;animation&quot;:&quot;fadeIn&quot;,&quot;animation_delay&quot;:300}\">\n\t\t\t\t\t<div class=\"e-con-inner\">\n\t\t\t\t<div class=\"elementor-element elementor-element-4030ceb elementor-widget__width-initial elementor-widget elementor-widget-text-editor\" data-id=\"4030ceb\" data-element_type=\"widget\" data-widget_type=\"text-editor.default\">\n\t\t\t\t<div class=\"elementor-widget-container\">\n\t\t\t\t\t\t\t<p>EYL\u00dcL 2024<\/p>\t\t\t\t\t\t<\/div>\n\t\t\t\t<\/div>\n\t\t\t\t<div class=\"elementor-element elementor-element-e56c247 animated-slow elementor-invisible elementor-widget elementor-widget-text-editor\" data-id=\"e56c247\" data-element_type=\"widget\" data-settings=\"{&quot;_animation&quot;:&quot;fadeInDown&quot;}\" data-widget_type=\"text-editor.default\">\n\t\t\t\t<div class=\"elementor-widget-container\">\n\t\t\t\t\t\t\t<p>KONSTELASYON<br \/>UZMANLIK E\u011e\u0130T\u0130M\u0130<\/p>\t\t\t\t\t\t<\/div>\n\t\t\t\t<\/div>\n\t\t\t\t<div class=\"elementor-element elementor-element-18be21c animated-slow elementor-invisible elementor-widget elementor-widget-text-editor\" data-id=\"18be21c\" data-element_type=\"widget\" data-settings=\"{&quot;_animation&quot;:&quot;fadeInDown&quot;}\" data-widget_type=\"text-editor.default\">\n\t\t\t\t<div class=\"elementor-widget-container\">\n\t\t\t\t\t\t\t<p>hakk\u0131nda detayl\u0131\u00a0 bilgi ve programa kay\u0131t i\u00e7in bizi aray\u0131n ya da bize WhatsApp&#8217;tan yaz\u0131n:<\/p>\t\t\t\t\t\t<\/div>\n\t\t\t\t<\/div>\n\t\t\t\t<div class=\"elementor-element elementor-element-3e65f78 elementor-widget__width-initial elementor-widget-mobile__width-initial elementor-invisible elementor-widget elementor-widget-html\" data-id=\"3e65f78\" data-element_type=\"widget\" data-settings=\"{&quot;_animation&quot;:&quot;fadeInUp&quot;,&quot;_animation_delay&quot;:500}\" data-widget_type=\"html.default\">\n\t\t\t\t<div class=\"elementor-widget-container\">\n\t\t\t<a href=\"https:\/\/wa.me\/905337613730?text=Merhaba. Konstelasyon Uzmanl\u0131k E\u011fitimi ile ilgili bilgi almak istiyorum.\" target=\"_blank\"><img decoding=\"async\" src=\"http:\/\/birlesmisfikirler.com\/2024\/wp-content\/uploads\/2024\/01\/www.seylasonsino-whatsapp-buton-905337613730.png\"\/><\/a>\t\t<\/div>\n\t\t\t\t<\/div>\n\t\t\t\t<div class=\"elementor-element elementor-element-d0ffbde elementor-widget__width-initial elementor-widget-mobile__width-initial elementor-invisible elementor-widget elementor-widget-html\" data-id=\"d0ffbde\" data-element_type=\"widget\" data-settings=\"{&quot;_animation&quot;:&quot;fadeInUp&quot;,&quot;_animation_delay&quot;:1000}\" data-widget_type=\"html.default\">\n\t\t\t\t<div class=\"elementor-widget-container\">\n\t\t\t<a href=\"tel:+905337613730\"><img decoding=\"async\" class=\"aligncenter\" src=\"http:\/\/birlesmisfikirler.com\/2024\/wp-content\/uploads\/2024\/01\/www.seylasonsino-telefon-buton-905337613730.png\" alt=\"Bizi hemen aray\u0131n!\" \/><\/a>\t\t<\/div>\n\t\t\t\t<\/div>\n\t\t\t\t\t<\/div>\n\t\t\t\t<\/div>\n\t\t\t\t\t<\/div>\n\t\t<\/div>\n\t\t\t\t\t<\/div>\n\t\t<\/section>\n\t\t\t\t<\/div>\n\t\t","protected":false},"excerpt":{"rendered":"<p>KONSTELASYONUZMANLIK E\u011e\u0130T\u0130M\u0130 B\u0130L\u0130N\u00c7 DI\u015eININ ANLATTIKLARINID\u0130NLEME VE G\u00d6ZLEMLEME SANATI \u0130nsan ile \u00e7al\u0131\u015fma yolculu\u011funda uzman olmak, konunun her detay\u0131n\u0131 bilmek de\u011fildir. Bilin\u00e7 d\u0131\u015f\u0131n\u0131n g\u00f6r\u00fcnmez ve sakl\u0131 olan g\u00fc\u00e7leri g\u00f6r\u00fcn\u00fcr olmaya ba\u015flad\u0131\u011f\u0131nda g\u00f6r\u00fcneni (hem kendinizde hem de dan\u0131\u015fan\u0131n\u0131zda) kapsayabilmektir. Derinlerle \u00e7al\u0131\u015faca\u011f\u0131m\u0131z bu e\u011fitimde sistemik konstelasyon tekni\u011finin yan\u0131 s\u0131ra farkl\u0131 teknik ve teorilerden de faydalanaca\u011f\u0131z. Somatik travma terapi, meditasyon,&#8230;<\/p>\n","protected":false},"author":1,"featured_media":0,"parent":0,"menu_order":0,"comment_status":"closed","ping_status":"closed","template":"","meta":{"_kad_post_transparent":"","_kad_post_title":"hide","_kad_post_layout":"fullwidth","_kad_post_sidebar_id":"","_kad_post_content_style":"unboxed","_kad_post_vertical_padding":"hide","_kad_post_feature":"hide","_kad_post_feature_position":"","_kad_post_header":false,"_kad_post_footer":false,"footnotes":""},"class_list":["post-1980","page","type-page","status-publish","hentry"],"_links":{"self":[{"href":"http:\/\/birlesmisfikirler.com\/2024\/wp-json\/wp\/v2\/pages\/1980"}],"collection":[{"href":"http:\/\/birlesmisfikirler.com\/2024\/wp-json\/wp\/v2\/pages"}],"about":[{"href":"http:\/\/birlesmisfikirler.com\/2024\/wp-json\/wp\/v2\/types\/page"}],"author":[{"embeddable":true,"href":"http:\/\/birlesmisfikirler.com\/2024\/wp-json\/wp\/v2\/users\/1"}],"replies":[{"embeddable":true,"href":"http:\/\/birlesmisfikirler.com\/2024\/wp-json\/wp\/v2\/comments?post=1980"}],"version-history":[{"count":43,"href":"http:\/\/birlesmisfikirler.com\/2024\/wp-json\/wp\/v2\/pages\/1980\/revisions"}],"predecessor-version":[{"id":2216,"href":"http:\/\/birlesmisfikirler.com\/2024\/wp-json\/wp\/v2\/pages\/1980\/revisions\/2216"}],"wp:attachment":[{"href":"http:\/\/birlesmisfikirler.com\/2024\/wp-json\/wp\/v2\/media?parent=1980"}],"curies":[{"name":"wp","href":"https:\/\/api.w.org\/{rel}","templated":true}]}}